{"id":27,"date":"2022-12-12T21:50:37","date_gmt":"2022-12-12T21:50:37","guid":{"rendered":"https:\/\/pouparinvestirlucrar.com\/?page_id=27"},"modified":"2025-03-23T22:35:37","modified_gmt":"2025-03-23T22:35:37","slug":"contatos","status":"publish","type":"page","link":"https:\/\/pouparinvestirlucrar.com\/index.php\/contatos\/","title":{"rendered":"CONTATOS"},"content":{"rendered":"\n<p class=\"has-text-align-center\">Para d\u00favidas, pode deixar um coment\u00e1rio, enviar um email (pouparinvestirlucrar@gmail.com)<\/p>\n\n\n\n<p>Para propostas comerciais e outras quest\u00f5es, enviar email para contatos@pouparinvestirlucrar.com<\/p>\n","protected":false},"excerpt":{"rendered":"<p>Para d\u00favidas, pode deixar um coment\u00e1rio, enviar um email (pouparinvestirlucrar@gmail.com) Para propostas comerciais e outras quest\u00f5es, enviar email para contatos@pouparinvestirlucrar.com<\/p>\n","protected":false},"author":1,"featured_media":1199,"parent":0,"menu_order":0,"comment_status":"closed","ping_status":"closed","template":"","meta":{"om_disable_all_campaigns":false,"_uag_custom_page_level_css":"","_monsterinsights_skip_tracking":false,"_monsterinsights_sitenote_active":false,"_monsterinsights_sitenote_note":"","_monsterinsights_sitenote_category":0,"_uf_show_specific_survey":0,"_uf_disable_surveys":false,"footnotes":""},"class_list":["post-27","page","type-page","status-publish","has-post-thumbnail","hentry"],"uagb_featured_image_src":{"full":["https:\/\/pouparinvestirlucrar.com\/wp-content\/uploads\/2025\/03\/SM_Instagram-scaled.jpg",2560,2560,false],"thumbnail":["https:\/\/pouparinvestirlucrar.com\/wp-content\/uploads\/2025\/03\/SM_Instagram-150x150.jpg",150,150,true],"medium":["https:\/\/pouparinvestirlucrar.com\/wp-content\/uploads\/2025\/03\/SM_Instagram-300x300.jpg",300,300,true],"medium_large":["https:\/\/pouparinvestirlucrar.com\/wp-content\/uploads\/2025\/03\/SM_Instagram-768x768.jpg",768,768,true],"large":["https:\/\/pouparinvestirlucrar.com\/wp-content\/uploads\/2025\/03\/SM_Instagram-1024x1024.jpg",1024,1024,true],"1536x1536":["https:\/\/pouparinvestirlucrar.com\/wp-content\/uploads\/2025\/03\/SM_Instagram-1536x1536.jpg",1536,1536,true],"2048x2048":["https:\/\/pouparinvestirlucrar.com\/wp-content\/uploads\/2025\/03\/SM_Instagram-2048x2048.jpg",2048,2048,true]},"uagb_author_info":{"display_name":"jpvpaulo","author_link":"https:\/\/pouparinvestirlucrar.com\/author\/jpvpaulo\/"},"uagb_comment_info":0,"uagb_excerpt":"Para d\u00favidas, pode deixar um coment\u00e1rio, enviar um email (pouparinvestirlucrar@gmail.com) Para propostas comerciais e outras quest\u00f5es, enviar email para contatos@pouparinvestirlucrar.com","_links":{"self":[{"href":"https:\/\/pouparinvestirlucrar.com\/index.php\/wp-json\/wp\/v2\/pages\/27","targetHints":{"allow":["GET"]}}],"collection":[{"href":"https:\/\/pouparinvestirlucrar.com\/index.php\/wp-json\/wp\/v2\/pages"}],"about":[{"href":"https:\/\/pouparinvestirlucrar.com\/index.php\/wp-json\/wp\/v2\/types\/page"}],"author":[{"embeddable":true,"href":"https:\/\/pouparinvestirlucrar.com\/index.php\/wp-json\/wp\/v2\/users\/1"}],"replies":[{"embeddable":true,"href":"https:\/\/pouparinvestirlucrar.com\/index.php\/wp-json\/wp\/v2\/comments?post=27"}],"version-history":[{"count":2,"href":"https:\/\/pouparinvestirlucrar.com\/index.php\/wp-json\/wp\/v2\/pages\/27\/revisions"}],"predecessor-version":[{"id":1201,"href":"https:\/\/pouparinvestirlucrar.com\/index.php\/wp-json\/wp\/v2\/pages\/27\/revisions\/1201"}],"wp:featuredmedia":[{"embeddable":true,"href":"https:\/\/pouparinvestirlucrar.com\/index.php\/wp-json\/wp\/v2\/media\/1199"}],"wp:attachment":[{"href":"https:\/\/pouparinvestirlucrar.com\/index.php\/wp-json\/wp\/v2\/media?parent=27"}],"curies":[{"name":"wp","href":"https:\/\/api.w.org\/{rel}","templated":true}]}}